{"id":2,"date":"2023-02-02T21:09:50","date_gmt":"2023-02-02T21:09:50","guid":{"rendered":"http:\/\/schooltofarm.com\/?page_id=2"},"modified":"2024-08-28T14:36:32","modified_gmt":"2024-08-28T14:36:32","slug":"news","status":"publish","type":"page","link":"https:\/\/schooltofarm.com\/index.php\/news\/","title":{"rendered":"News"},"content":{"rendered":"\n<div class=\"wp-block-group alignfull has-raft-fg-alt-background-color has-background is-layout-constrained wp-container-core-group-is-layout-2657d9c9 wp-block-group-is-layout-constrained\" style=\"margin-top:0px;margin-bottom:0px;padding-top:90px;padding-bottom:92px\">\n<h1 class=\"wp-block-heading has-text-align-center has-huge-font-size\">School to Farm News<\/h1>\n\n\n\n<div style=\"height:50px\" aria-hidden=\"true\" class=\"wp-block-spacer\"><\/div>\n\n\n<div class=\"wp-block-themeisle-blocks-posts-grid\" id=\"wp-block-themeisle-blocks-posts-grid-86222a53\"><div class=\"is-list\"><div class=\"o-posts-grid-post-blog o-posts-grid-post-plain\"><div class=\"o-posts-grid-post\"><div class=\"o-posts-grid-post-image\"><a href=\"https:\/\/schooltofarm.com\/index.php\/2024\/08\/28\/unveiling-our-digital-educational-games\/\"><img loading=\"lazy\" decoding=\"async\" width=\"1536\" height=\"960\" src=\"https:\/\/schooltofarm.com\/wp-content\/uploads\/2023\/05\/8-1536x960.png\" class=\"attachment-1536x1536 size-1536x1536\" alt=\"Unveiling Our Digital Educational Games\" srcset=\"https:\/\/schooltofarm.com\/wp-content\/uploads\/2023\/05\/8-1536x960.png 1536w, https:\/\/schooltofarm.com\/wp-content\/uploads\/2023\/05\/8-300x188.png 300w, https:\/\/schooltofarm.com\/wp-content\/uploads\/2023\/05\/8-1024x640.png 1024w, https:\/\/schooltofarm.com\/wp-content\/uploads\/2023\/05\/8-768x480.png 768w, https:\/\/schooltofarm.com\/wp-content\/uploads\/2023\/05\/8-2048x1280.png 2048w\" sizes=\"(max-width: 1536px) 100vw, 1536px\" \/><\/a><\/div><div class=\"o-posts-grid-post-body\"><h2 class=\"o-posts-grid-post-title\"><a href=\"https:\/\/schooltofarm.com\/index.php\/2024\/08\/28\/unveiling-our-digital-educational-games\/\">Unveiling Our Digital Educational Games<\/a><\/h2><p class=\"o-posts-grid-post-meta\">Posted on <time datetime=\"2024-08-28T14:15:05+00:00\">August 28, 2024<\/time> <\/p><div class=\"o-posts-grid-post-description\"><p>We are excited to present our digitally enriched educational games, designed toensure that all students, regardless of their ability to visit a farm, can experiencemeaningful farm-based learning. These accessible platforms are tailored for distance education and web-based environments, fostering social inclusion andpromo\u2026<\/p><a class=\"o-posts-read-more\" href=\"https:\/\/schooltofarm.com\/index.php\/2024\/08\/28\/unveiling-our-digital-educational-games\/\">Read More<\/a><\/div><\/div><\/div><\/div><div class=\"o-posts-grid-post-blog o-posts-grid-post-plain\"><div class=\"o-posts-grid-post\"><div class=\"o-posts-grid-post-image\"><a href=\"https:\/\/schooltofarm.com\/index.php\/2024\/08\/28\/introducing-the-ecosteam-explorers-curriculum\/\"><img loading=\"lazy\" decoding=\"async\" width=\"1536\" height=\"960\" src=\"https:\/\/schooltofarm.com\/wp-content\/uploads\/2024\/08\/16-1536x960.png\" class=\"attachment-1536x1536 size-1536x1536\" alt=\"Introducing the EcoSTEAM Explorers Curriculum\" srcset=\"https:\/\/schooltofarm.com\/wp-content\/uploads\/2024\/08\/16-1536x960.png 1536w, https:\/\/schooltofarm.com\/wp-content\/uploads\/2024\/08\/16-300x188.png 300w, https:\/\/schooltofarm.com\/wp-content\/uploads\/2024\/08\/16-1024x640.png 1024w, https:\/\/schooltofarm.com\/wp-content\/uploads\/2024\/08\/16-768x480.png 768w, https:\/\/schooltofarm.com\/wp-content\/uploads\/2024\/08\/16-2048x1280.png 2048w\" sizes=\"(max-width: 1536px) 100vw, 1536px\" \/><\/a><\/div><div class=\"o-posts-grid-post-body\"><h2 class=\"o-posts-grid-post-title\"><a href=\"https:\/\/schooltofarm.com\/index.php\/2024\/08\/28\/introducing-the-ecosteam-explorers-curriculum\/\">Introducing the EcoSTEAM Explorers Curriculum<\/a><\/h2><p class=\"o-posts-grid-post-meta\">Posted on <time datetime=\"2024-08-28T14:09:08+00:00\">August 28, 2024<\/time> <\/p><div class=\"o-posts-grid-post-description\"><p>Our comprehensive curriculum, EcoSTEAM Explorers: Unveiling Nature&#8217;sWonders, is now available on our website in five languages: English, Polish,Turkish, Finnish, Greek, and Latvian. Designed for a full academic year, theprogram includes 12 modules that span 24 weeks, with each module comprisingone activity to be co\u2026<\/p><a class=\"o-posts-read-more\" href=\"https:\/\/schooltofarm.com\/index.php\/2024\/08\/28\/introducing-the-ecosteam-explorers-curriculum\/\">Read More<\/a><\/div><\/div><\/div><\/div><div class=\"o-posts-grid-post-blog o-posts-grid-post-plain\"><div class=\"o-posts-grid-post\"><div class=\"o-posts-grid-post-image\"><a href=\"https:\/\/schooltofarm.com\/index.php\/2024\/06\/08\/digital-innovations-in-education-highlights-from-our-turku-meeting-and-new-digital-games\/\"><img loading=\"lazy\" decoding=\"async\" width=\"1471\" height=\"1023\" src=\"https:\/\/schooltofarm.com\/wp-content\/uploads\/2024\/06\/22236.png\" class=\"attachment-1536x1536 size-1536x1536\" alt=\"Digital Innovations in Education: Highlights from Our Turku Meeting and New Digital Games\" srcset=\"https:\/\/schooltofarm.com\/wp-content\/uploads\/2024\/06\/22236.png 1471w, https:\/\/schooltofarm.com\/wp-content\/uploads\/2024\/06\/22236-300x209.png 300w, https:\/\/schooltofarm.com\/wp-content\/uploads\/2024\/06\/22236-1024x712.png 1024w, https:\/\/schooltofarm.com\/wp-content\/uploads\/2024\/06\/22236-768x534.png 768w\" sizes=\"(max-width: 1471px) 100vw, 1471px\" \/><\/a><\/div><div class=\"o-posts-grid-post-body\"><h2 class=\"o-posts-grid-post-title\"><a href=\"https:\/\/schooltofarm.com\/index.php\/2024\/06\/08\/digital-innovations-in-education-highlights-from-our-turku-meeting-and-new-digital-games\/\">Digital Innovations in Education: Highlights from Our Turku Meeting and New Digital Games<\/a><\/h2><p class=\"o-posts-grid-post-meta\">Posted on <time datetime=\"2024-06-08T19:37:35+00:00\">June 8, 2024<\/time> <\/p><div class=\"o-posts-grid-post-description\"><p>The &#8220;School to Farm&#8221; project has achieved a major milestone with the completion ofthe &#8220;School to Farm Educational Games.&#8221; We, the project members, have developedthese six digitally enhanced games, each covering crucial aspects of environmentaleducation in a farm setting.The topics range from clima\u2026<\/p><a class=\"o-posts-read-more\" href=\"https:\/\/schooltofarm.com\/index.php\/2024\/06\/08\/digital-innovations-in-education-highlights-from-our-turku-meeting-and-new-digital-games\/\">Read More<\/a><\/div><\/div><\/div><\/div><div class=\"o-posts-grid-post-blog o-posts-grid-post-plain\"><div class=\"o-posts-grid-post\"><div class=\"o-posts-grid-post-image\"><a href=\"https:\/\/schooltofarm.com\/index.php\/2024\/06\/08\/discovering-steam-an-exclusive-interview-with-warsaw-educators\/\"><img loading=\"lazy\" decoding=\"async\" width=\"1536\" height=\"1536\" src=\"https:\/\/schooltofarm.com\/wp-content\/uploads\/2023\/06\/r12.png\" class=\"attachment-1536x1536 size-1536x1536\" alt=\"Discovering STEAM: An Exclusive Interview with Warsaw Educators\" srcset=\"https:\/\/schooltofarm.com\/wp-content\/uploads\/2023\/06\/r12.png 1536w, https:\/\/schooltofarm.com\/wp-content\/uploads\/2023\/06\/r12-300x300.png 300w, https:\/\/schooltofarm.com\/wp-content\/uploads\/2023\/06\/r12-1024x1024.png 1024w, https:\/\/schooltofarm.com\/wp-content\/uploads\/2023\/06\/r12-150x150.png 150w, https:\/\/schooltofarm.com\/wp-content\/uploads\/2023\/06\/r12-768x768.png 768w\" sizes=\"(max-width: 1536px) 100vw, 1536px\" \/><\/a><\/div><div class=\"o-posts-grid-post-body\"><h2 class=\"o-posts-grid-post-title\"><a href=\"https:\/\/schooltofarm.com\/index.php\/2024\/06\/08\/discovering-steam-an-exclusive-interview-with-warsaw-educators\/\">Discovering STEAM: An Exclusive Interview with Warsaw Educators<\/a><\/h2><p class=\"o-posts-grid-post-meta\">Posted on <time datetime=\"2024-06-08T19:18:02+00:00\">June 8, 2024<\/time> <\/p><div class=\"o-posts-grid-post-description\"><p>We are excited to share an insightful interview with the dedicated teachers fromSzko\u0142a Podstawowa z Oddzia\u0142ami Dwuj\u0119zycznymi 20 im Jana GutenbergaFundacji Szkolnej w Warszawie. In this interview, the educators discuss theirpassion for STEAM education, what a STEAM lesson looks like, and how the Schoolto Farm Project is b\u2026<\/p><a class=\"o-posts-read-more\" href=\"https:\/\/schooltofarm.com\/index.php\/2024\/06\/08\/discovering-steam-an-exclusive-interview-with-warsaw-educators\/\">Read More<\/a><\/div><\/div><\/div><\/div><div class=\"o-posts-grid-post-blog o-posts-grid-post-plain\"><div class=\"o-posts-grid-post\"><div class=\"o-posts-grid-post-image\"><a href=\"https:\/\/schooltofarm.com\/index.php\/2023\/12\/20\/insights-from-latviaan-interview-with-farmer-evija-skudra\/\"><img loading=\"lazy\" decoding=\"async\" width=\"1536\" height=\"1536\" src=\"https:\/\/schooltofarm.com\/wp-content\/uploads\/2023\/06\/r12.png\" class=\"attachment-1536x1536 size-1536x1536\" alt=\"Insights from Latvia: An Interview with Farmer Evija Skudra\" srcset=\"https:\/\/schooltofarm.com\/wp-content\/uploads\/2023\/06\/r12.png 1536w, https:\/\/schooltofarm.com\/wp-content\/uploads\/2023\/06\/r12-300x300.png 300w, https:\/\/schooltofarm.com\/wp-content\/uploads\/2023\/06\/r12-1024x1024.png 1024w, https:\/\/schooltofarm.com\/wp-content\/uploads\/2023\/06\/r12-150x150.png 150w, https:\/\/schooltofarm.com\/wp-content\/uploads\/2023\/06\/r12-768x768.png 768w\" sizes=\"(max-width: 1536px) 100vw, 1536px\" \/><\/a><\/div><div class=\"o-posts-grid-post-body\"><h2 class=\"o-posts-grid-post-title\"><a href=\"https:\/\/schooltofarm.com\/index.php\/2023\/12\/20\/insights-from-latviaan-interview-with-farmer-evija-skudra\/\">Insights from Latvia: An Interview with Farmer Evija Skudra<\/a><\/h2><p class=\"o-posts-grid-post-meta\">Posted on <time datetime=\"2023-12-20T17:13:06+00:00\">December 20, 2023<\/time> <\/p><div class=\"o-posts-grid-post-description\"><p>When we presented the international projects implemented at Grundzale ElementarySchool to the parents, especially the \u201cSchool to Farm\u201d project, farmer Evija Skudra and her family (her children attend our school) were very interested and strongly supported the implementation of such a project and the development of materi\u2026<\/p><a class=\"o-posts-read-more\" href=\"https:\/\/schooltofarm.com\/index.php\/2023\/12\/20\/insights-from-latviaan-interview-with-farmer-evija-skudra\/\">Read More<\/a><\/div><\/div><\/div><\/div><div class=\"o-posts-grid-post-blog o-posts-grid-post-plain\"><div class=\"o-posts-grid-post\"><div class=\"o-posts-grid-post-image\"><a href=\"https:\/\/schooltofarm.com\/index.php\/2023\/12\/20\/seeds-of-innovation-thessaloniki-workshop-unleashed-01-steam-power-for-education\/\"><img loading=\"lazy\" decoding=\"async\" width=\"1536\" height=\"1153\" src=\"https:\/\/schooltofarm.com\/wp-content\/uploads\/2023\/12\/1a--1536x1153.jpg\" class=\"attachment-1536x1536 size-1536x1536\" alt=\"Seeds of Innovation: Thessaloniki Workshop Unleashed STEAM Power for Education\" srcset=\"https:\/\/schooltofarm.com\/wp-content\/uploads\/2023\/12\/1a--1536x1153.jpg 1536w, https:\/\/schooltofarm.com\/wp-content\/uploads\/2023\/12\/1a--300x225.jpg 300w, https:\/\/schooltofarm.com\/wp-content\/uploads\/2023\/12\/1a--1024x769.jpg 1024w, https:\/\/schooltofarm.com\/wp-content\/uploads\/2023\/12\/1a--768x577.jpg 768w, https:\/\/schooltofarm.com\/wp-content\/uploads\/2023\/12\/1a--2048x1538.jpg 2048w\" sizes=\"(max-width: 1536px) 100vw, 1536px\" \/><\/a><\/div><div class=\"o-posts-grid-post-body\"><h2 class=\"o-posts-grid-post-title\"><a href=\"https:\/\/schooltofarm.com\/index.php\/2023\/12\/20\/seeds-of-innovation-thessaloniki-workshop-unleashed-01-steam-power-for-education\/\">Seeds of Innovation: Thessaloniki Workshop Unleashed STEAM Power for Education<\/a><\/h2><p class=\"o-posts-grid-post-meta\">Posted on <time datetime=\"2023-12-20T15:45:08+00:00\">December 20, 2023<\/time> <\/p><div class=\"o-posts-grid-post-description\"><p>During the first week of October (02-06\/10\/2023), Smart Umbrella ManagementSolutions E.E. organized the Learning Teaching Training Activity \u201cSchool to Farm\u201d\u2013 Workshop on STEAM Farm-based Learning Approach\u201d in Thessaloniki Greece.During the 5-day event we were excited to welcome seventeen experts from allpartner countries\u2026<\/p><a class=\"o-posts-read-more\" href=\"https:\/\/schooltofarm.com\/index.php\/2023\/12\/20\/seeds-of-innovation-thessaloniki-workshop-unleashed-01-steam-power-for-education\/\">Read More<\/a><\/div><\/div><\/div><\/div><\/div> <\/div>\n\n\n<div class=\"wp-block-columns is-layout-flex wp-container-core-columns-is-layout-28f84493 wp-block-columns-is-layout-flex\">\n<div class=\"wp-block-column has-blush-light-purple-gradient-background has-background is-layout-flow wp-block-column-is-layout-flow\" style=\"padding-top:0\"><\/div>\n<\/div>\n<\/div>\n","protected":false},"excerpt":{"rendered":"<p>School to Farm News<\/p>\n","protected":false},"author":1,"featured_media":0,"parent":0,"menu_order":0,"comment_status":"closed","ping_status":"closed","template":"","meta":{"_themeisle_gutenberg_block_has_review":false,"footnotes":""},"class_list":["post-2","page","type-page","status-publish","hentry"],"_links":{"self":[{"href":"https:\/\/schooltofarm.com\/index.php\/wp-json\/wp\/v2\/pages\/2","targetHints":{"allow":["GET"]}}],"collection":[{"href":"https:\/\/schooltofarm.com\/index.php\/wp-json\/wp\/v2\/pages"}],"about":[{"href":"https:\/\/schooltofarm.com\/index.php\/wp-json\/wp\/v2\/types\/page"}],"author":[{"embeddable":true,"href":"https:\/\/schooltofarm.com\/index.php\/wp-json\/wp\/v2\/users\/1"}],"replies":[{"embeddable":true,"href":"https:\/\/schooltofarm.com\/index.php\/wp-json\/wp\/v2\/comments?post=2"}],"version-history":[{"count":10,"href":"https:\/\/schooltofarm.com\/index.php\/wp-json\/wp\/v2\/pages\/2\/revisions"}],"predecessor-version":[{"id":1142,"href":"https:\/\/schooltofarm.com\/index.php\/wp-json\/wp\/v2\/pages\/2\/revisions\/1142"}],"wp:attachment":[{"href":"https:\/\/schooltofarm.com\/index.php\/wp-json\/wp\/v2\/media?parent=2"}],"curies":[{"name":"wp","href":"https:\/\/api.w.org\/{rel}","templated":true}]}}